{"id":516,"date":"2014-05-15T09:19:42","date_gmt":"2014-05-15T13:19:42","guid":{"rendered":"https:\/\/carbide-usa.com\/home\/"},"modified":"2018-06-23T09:31:49","modified_gmt":"2018-06-23T13:31:49","slug":"home","status":"publish","type":"page","link":"https:\/\/carbide-usa.com\/es\/","title":{"rendered":"Inicio"},"content":{"rendered":"<p><a class=\"light-green1\" title=\"Why Recycle?\" href=\"https:\/\/carbide-usa.com\/why-recycle-recycling-scrap-metal\/\">Mantenga fuerte a America<\/a><\/p>\n<p><strong>Reciclado de carburo de tungsteno<\/strong><\/p>\n<p>Carbide-USA se especializa en el reciclado de desechos de carburo de tungsteno. Ofrecemos los mejores precios y el servicio m\u00e1s profesional para toda clase de desechos de materiales de carburo de tungsteno, as\u00ed como de acero de alta velocidad.<\/p>\n<ul>\n<li>Antes de vender sus desechos de herramientas de carburo de tungsteno o lodo de trituraci\u00f3n, llame por favor al <strong>(607) 331-9353<\/strong> para obtener los precios vigentes para el desecho de carburo de tungsteno.<\/li>\n<li>Carbide-USA le ofrecer\u00e1 el mejor precio por sus fresas de metal duro, insertos de carburo, taladros, puntas para miner\u00eda de carburo, puntas de trituraci\u00f3n de carreteras, perforadoras, fresas y dem\u00e1s herramientas. Por favor consulte la p\u00e1gina de recursos para determinar si lo que usted tiene es carburo.<\/li>\n<li>Trabajaremos con usted durante todo el proceso de env\u00edo para asegurarle un pago r\u00e1pido por su material.<\/li>\n<\/ul>\n<p><strong>Carbide-USA<\/strong><\/p>\n<p>Somos la compa\u00f1\u00eda de reciclado de desechos de carburo en la que puede confiar. Todo el material de carburo reciclado se queda en el pa\u00eds y es procesado nuevamente en polvos y productos de carburo que son vendidos a compa\u00f1\u00edas americanas para su manufactura futura.<\/p>\n<p><strong>\u00a1Ayude a mantener fuerte a Am\u00e9rica!<\/strong><br \/>\n<strong>No venda sus desechos a compa\u00f1\u00edas que lo enviar\u00e1n al extranjero.<\/strong><\/p>\n<p><strong>Carbide-USA \u2013 La compa\u00f1\u00eda de reciclado de desechos de carburo en la que puede confiar.<\/strong><\/p>\n<p><span style=\"color: #066030;\"><strong>Todos los desechos de carburo reciclados se quedan en los Estados Unidos y son reprocesados en polvos y dem\u00e1s productos de carburo los cuales se venden a compa\u00f1\u00edas americanas para su manufactura futura<\/strong><\/span><\/p>\n<p><a class=\"light-green\" title=\"Scrap Carbide Pricing\" href=\"\/?page_id=184\">Precios vigentes<\/a><\/p>\n<p><a class=\"dark-green\" title=\"Contact Us\" href=\"https:\/\/carbide-usa.com\/tungsten-carbide-recycling-contact-us\/\">Venda su carburo ya<\/a><\/p>\n","protected":false},"excerpt":{"rendered":"<p>Mantenga fuerte a America Reciclado de carburo de tungsteno Carbide-USA se especializa en el reciclado de desechos de carburo de tungsteno. Ofrecemos los mejores precios y el servicio m\u00e1s profesional para toda clase de desechos de materiales de carburo de &hellip;<\/p>\n<div class=\"sixteen\"><a href=\"https:\/\/carbide-usa.com\/es\/\">read more &rarr;<\/a><\/div>\n","protected":false},"author":2,"featured_media":0,"parent":0,"menu_order":0,"comment_status":"closed","ping_status":"open","template":"template-home.php","meta":{"footnotes":""},"class_list":["post-516","page","type-page","status-publish","hentry"],"yoast_head":"<!-- This site is optimized with the Yoast SEO plugin v22.9 - https:\/\/yoast.com\/wordpress\/plugins\/seo\/ -->\n<title>Scrap Carbide Recycling<\/title>\n<meta name=\"description\" content=\"Sell tungsten carbide scrap, scrap carbide,end mills and inserts, carbide saw tips, carbide road milling bits and carbide mining, scrap carbide recycling\" \/>\n<meta name=\"robots\" content=\"index, follow, max-snippet:-1, max-image-preview:large, max-video-preview:-1\" \/>\n<link rel=\"canonical\" href=\"https:\/\/www.carbide-usa.com\/es\/\" \/>\n<meta property=\"og:locale\" content=\"es_ES\" \/>\n<meta property=\"og:type\" content=\"article\" \/>\n<meta property=\"og:title\" content=\"Scrap Carbide Recycling\" \/>\n<meta property=\"og:description\" content=\"Sell tungsten carbide scrap, scrap carbide,end mills and inserts, carbide saw tips, carbide road milling bits and carbide mining, scrap carbide recycling\" \/>\n<meta property=\"og:url\" content=\"https:\/\/www.carbide-usa.com\/es\/\" \/>\n<meta property=\"og:site_name\" content=\"Carbide USA\" \/>\n<meta property=\"article:modified_time\" content=\"2018-06-23T13:31:49+00:00\" \/>\n<meta name=\"twitter:label1\" content=\"Tiempo de lectura\" \/>\n\t<meta name=\"twitter:data1\" content=\"1 minuto\" \/>\n<script type=\"application\/ld+json\" class=\"yoast-schema-graph\">{\"@context\":\"https:\/\/schema.org\",\"@graph\":[{\"@type\":\"WebPage\",\"@id\":\"https:\/\/www.carbide-usa.com\/es\/\",\"url\":\"https:\/\/www.carbide-usa.com\/es\/\",\"name\":\"Scrap Carbide Recycling\",\"isPartOf\":{\"@id\":\"https:\/\/www.carbide-usa.com\/#website\"},\"datePublished\":\"2014-05-15T13:19:42+00:00\",\"dateModified\":\"2018-06-23T13:31:49+00:00\",\"description\":\"Sell tungsten carbide scrap, scrap carbide,end mills and inserts, carbide saw tips, carbide road milling bits and carbide mining, scrap carbide recycling\",\"breadcrumb\":{\"@id\":\"https:\/\/www.carbide-usa.com\/es\/#breadcrumb\"},\"inLanguage\":\"es\",\"potentialAction\":[{\"@type\":\"ReadAction\",\"target\":[\"https:\/\/www.carbide-usa.com\/es\/\"]}]},{\"@type\":\"BreadcrumbList\",\"@id\":\"https:\/\/www.carbide-usa.com\/es\/#breadcrumb\",\"itemListElement\":[{\"@type\":\"ListItem\",\"position\":1,\"name\":\"Home\",\"item\":\"https:\/\/www.carbide-usa.com\/es\/\"},{\"@type\":\"ListItem\",\"position\":2,\"name\":\"Inicio\"}]},{\"@type\":\"WebSite\",\"@id\":\"https:\/\/www.carbide-usa.com\/#website\",\"url\":\"https:\/\/www.carbide-usa.com\/\",\"name\":\"Carbide USA\",\"description\":\"\",\"potentialAction\":[{\"@type\":\"SearchAction\",\"target\":{\"@type\":\"EntryPoint\",\"urlTemplate\":\"https:\/\/www.carbide-usa.com\/?s={search_term_string}\"},\"query-input\":\"required name=search_term_string\"}],\"inLanguage\":\"es\"}]}<\/script>\n<!-- \/ Yoast SEO plugin. -->","yoast_head_json":{"title":"Scrap Carbide Recycling","description":"Sell tungsten carbide scrap, scrap carbide,end mills and inserts, carbide saw tips, carbide road milling bits and carbide mining, scrap carbide recycling","robots":{"index":"index","follow":"follow","max-snippet":"max-snippet:-1","max-image-preview":"max-image-preview:large","max-video-preview":"max-video-preview:-1"},"canonical":"https:\/\/www.carbide-usa.com\/es\/","og_locale":"es_ES","og_type":"article","og_title":"Scrap Carbide Recycling","og_description":"Sell tungsten carbide scrap, scrap carbide,end mills and inserts, carbide saw tips, carbide road milling bits and carbide mining, scrap carbide recycling","og_url":"https:\/\/www.carbide-usa.com\/es\/","og_site_name":"Carbide USA","article_modified_time":"2018-06-23T13:31:49+00:00","twitter_misc":{"Tiempo de lectura":"1 minuto"},"schema":{"@context":"https:\/\/schema.org","@graph":[{"@type":"WebPage","@id":"https:\/\/www.carbide-usa.com\/es\/","url":"https:\/\/www.carbide-usa.com\/es\/","name":"Scrap Carbide Recycling","isPartOf":{"@id":"https:\/\/www.carbide-usa.com\/#website"},"datePublished":"2014-05-15T13:19:42+00:00","dateModified":"2018-06-23T13:31:49+00:00","description":"Sell tungsten carbide scrap, scrap carbide,end mills and inserts, carbide saw tips, carbide road milling bits and carbide mining, scrap carbide recycling","breadcrumb":{"@id":"https:\/\/www.carbide-usa.com\/es\/#breadcrumb"},"inLanguage":"es","potentialAction":[{"@type":"ReadAction","target":["https:\/\/www.carbide-usa.com\/es\/"]}]},{"@type":"BreadcrumbList","@id":"https:\/\/www.carbide-usa.com\/es\/#breadcrumb","itemListElement":[{"@type":"ListItem","position":1,"name":"Home","item":"https:\/\/www.carbide-usa.com\/es\/"},{"@type":"ListItem","position":2,"name":"Inicio"}]},{"@type":"WebSite","@id":"https:\/\/www.carbide-usa.com\/#website","url":"https:\/\/www.carbide-usa.com\/","name":"Carbide USA","description":"","potentialAction":[{"@type":"SearchAction","target":{"@type":"EntryPoint","urlTemplate":"https:\/\/www.carbide-usa.com\/?s={search_term_string}"},"query-input":"required name=search_term_string"}],"inLanguage":"es"}]}},"_links":{"self":[{"href":"https:\/\/carbide-usa.com\/es\/wp-json\/wp\/v2\/pages\/516","targetHints":{"allow":["GET"]}}],"collection":[{"href":"https:\/\/carbide-usa.com\/es\/wp-json\/wp\/v2\/pages"}],"about":[{"href":"https:\/\/carbide-usa.com\/es\/wp-json\/wp\/v2\/types\/page"}],"author":[{"embeddable":true,"href":"https:\/\/carbide-usa.com\/es\/wp-json\/wp\/v2\/users\/2"}],"replies":[{"embeddable":true,"href":"https:\/\/carbide-usa.com\/es\/wp-json\/wp\/v2\/comments?post=516"}],"version-history":[{"count":3,"href":"https:\/\/carbide-usa.com\/es\/wp-json\/wp\/v2\/pages\/516\/revisions"}],"predecessor-version":[{"id":526,"href":"https:\/\/carbide-usa.com\/es\/wp-json\/wp\/v2\/pages\/516\/revisions\/526"}],"wp:attachment":[{"href":"https:\/\/carbide-usa.com\/es\/wp-json\/wp\/v2\/media?parent=516"}],"curies":[{"name":"wp","href":"https:\/\/api.w.org\/{rel}","templated":true}]}}