{"id":519,"date":"2014-05-15T09:20:06","date_gmt":"2014-05-15T13:20:06","guid":{"rendered":"https:\/\/carbide-usa.com\/why-recycle\/"},"modified":"2018-06-23T09:31:59","modified_gmt":"2018-06-23T13:31:59","slug":"why-recycle","status":"publish","type":"page","link":"https:\/\/carbide-usa.com\/es\/why-recycle\/","title":{"rendered":"\u00bfPor qu\u00e9 reciclar?"},"content":{"rendered":"<h2>\u00bfPor qu\u00e9 reciclar?<\/h2>\n<p>Existen muchos beneficios financieros que el reciclado de carburo puede traer a su negocio. Por ejemplo, una compa\u00f1\u00eda de manufactura peque\u00f1a puede producir alrededor de 25 libras de desecho de carburo en un periodo de tiempo relativamente corto. Si usted toma esas 25 libras y las multiplica por $10 (ejemplo de un precio vigente), esto le dar\u00eda $250 que de otra manera hubieran sido tirados a la basura. Asimismo, el precio de 25 libras de desechos es su deposito de chatarra local le traer\u00eda solamente $2.50 por libra. La diferencia en t\u00e9rminos financieros es grande y requiere poco o nada de dinero invertido para crear un lugar en su negocio donde acumular los desechos. Si usted pregunta por que reciclar, la respuesta es simple: puede traer dinero a su negocio para comprar herramientas nuevas y otras necesidades de su personal.<\/p>\n<p>Las herramientas y materiales de carburo que usted utiliza en su compa\u00f1\u00eda y en sus productos vienen del mineral de tungsteno. En los \u00faltimos veinte a\u00f1os, corporaciones chinas subsidiadas directamente por el gobierno de ese pa\u00eds, han sido capaces de establecer un virtual monopolio de la miner\u00eda de conocidos dep\u00f3sitos de mineral de tungsteno, as\u00ed como del procesamiento en polvos utilizados para crear los productos de carburo que su compa\u00f1\u00eda utiliza hoy en d\u00eda.<\/p>\n<p>Carbide-USA est\u00e1 determinada a romper este monopolio. Hemos trabajado intensamente con compa\u00f1\u00edas americanas de carburo para desarrollar operaciones de reciclaje eficientes y limpias para el medio ambiente, que romper\u00e1n con la dependencia americana en materiales de origen chino. Al reciclar sus insertos, cortadores, puntas y lodo de trituraci\u00f3n, fortaleceremos el acceso americano a materiales de carburo de tungsteno de alta calidad y a bajo costo.  El acceso a dichos materiales ayudar\u00e1 a que los Estados Unidos retome su posici\u00f3n de l\u00edder mundial en manufactura.<\/p>\n<p style=\"text-align: center;\"><strong>\u00a1Por favor ay\u00fadenos a hacer a Am\u00e9rica fuerte nuevamente!<\/strong><br \/>\n<strong>Entrada al <\/strong><strong><a href=\"https:\/\/carbide-usa.com\/comsell-your-scrap-metal-carbidescrap-metal-buying-payment-process\/\">proceso de env\u00edo.<\/a>.<\/strong><\/p>\n","protected":false},"excerpt":{"rendered":"<p>\u00bfPor qu\u00e9 reciclar? Existen muchos beneficios financieros que el reciclado de carburo puede traer a su negocio. Por ejemplo, una compa\u00f1\u00eda de manufactura peque\u00f1a puede producir alrededor de 25 libras de desecho de carburo en un periodo de tiempo relativamente &hellip;<\/p>\n<div class=\"sixteen\"><a href=\"https:\/\/carbide-usa.com\/es\/why-recycle\/\">read more &rarr;<\/a><\/div>\n","protected":false},"author":2,"featured_media":0,"parent":0,"menu_order":0,"comment_status":"closed","ping_status":"open","template":"","meta":{"footnotes":""},"class_list":["post-519","page","type-page","status-publish","hentry"],"yoast_head":"<!-- This site is optimized with the Yoast SEO plugin v22.9 - https:\/\/yoast.com\/wordpress\/plugins\/seo\/ -->\n<title>Why Recycle Your Tungsten Carp Scrap | Carbide Recycling<\/title>\n<meta name=\"description\" content=\"Recycle your tungsten carbide scrap metal with Carbide USA. Competitive scrap carbide prices for your tungsten carbide recycling at our recycling plant\" \/>\n<meta name=\"robots\" content=\"index, follow, max-snippet:-1, max-image-preview:large, max-video-preview:-1\" \/>\n<link rel=\"canonical\" href=\"https:\/\/www.carbide-usa.com\/es\/why-recycle\/\" \/>\n<meta property=\"og:locale\" content=\"es_ES\" \/>\n<meta property=\"og:type\" content=\"article\" \/>\n<meta property=\"og:title\" content=\"Why Recycle Your Tungsten Carp Scrap | Carbide Recycling\" \/>\n<meta property=\"og:description\" content=\"Recycle your tungsten carbide scrap metal with Carbide USA. Competitive scrap carbide prices for your tungsten carbide recycling at our recycling plant\" \/>\n<meta property=\"og:url\" content=\"https:\/\/www.carbide-usa.com\/es\/why-recycle\/\" \/>\n<meta property=\"og:site_name\" content=\"Carbide USA\" \/>\n<meta property=\"article:modified_time\" content=\"2018-06-23T13:31:59+00:00\" \/>\n<meta name=\"twitter:label1\" content=\"Tiempo de lectura\" \/>\n\t<meta name=\"twitter:data1\" content=\"2 minutos\" \/>\n<script type=\"application\/ld+json\" class=\"yoast-schema-graph\">{\"@context\":\"https:\/\/schema.org\",\"@graph\":[{\"@type\":\"WebPage\",\"@id\":\"https:\/\/www.carbide-usa.com\/es\/why-recycle\/\",\"url\":\"https:\/\/www.carbide-usa.com\/es\/why-recycle\/\",\"name\":\"Why Recycle Your Tungsten Carp Scrap | Carbide Recycling\",\"isPartOf\":{\"@id\":\"https:\/\/www.carbide-usa.com\/#website\"},\"datePublished\":\"2014-05-15T13:20:06+00:00\",\"dateModified\":\"2018-06-23T13:31:59+00:00\",\"description\":\"Recycle your tungsten carbide scrap metal with Carbide USA. Competitive scrap carbide prices for your tungsten carbide recycling at our recycling plant\",\"breadcrumb\":{\"@id\":\"https:\/\/www.carbide-usa.com\/es\/why-recycle\/#breadcrumb\"},\"inLanguage\":\"es\",\"potentialAction\":[{\"@type\":\"ReadAction\",\"target\":[\"https:\/\/www.carbide-usa.com\/es\/why-recycle\/\"]}]},{\"@type\":\"BreadcrumbList\",\"@id\":\"https:\/\/www.carbide-usa.com\/es\/why-recycle\/#breadcrumb\",\"itemListElement\":[{\"@type\":\"ListItem\",\"position\":1,\"name\":\"Home\",\"item\":\"https:\/\/www.carbide-usa.com\/es\/\"},{\"@type\":\"ListItem\",\"position\":2,\"name\":\"\u00bfPor qu\u00e9 reciclar?\"}]},{\"@type\":\"WebSite\",\"@id\":\"https:\/\/www.carbide-usa.com\/#website\",\"url\":\"https:\/\/www.carbide-usa.com\/\",\"name\":\"Carbide USA\",\"description\":\"\",\"potentialAction\":[{\"@type\":\"SearchAction\",\"target\":{\"@type\":\"EntryPoint\",\"urlTemplate\":\"https:\/\/www.carbide-usa.com\/?s={search_term_string}\"},\"query-input\":\"required name=search_term_string\"}],\"inLanguage\":\"es\"}]}<\/script>\n<!-- \/ Yoast SEO plugin. -->","yoast_head_json":{"title":"Why Recycle Your Tungsten Carp Scrap | Carbide Recycling","description":"Recycle your tungsten carbide scrap metal with Carbide USA. Competitive scrap carbide prices for your tungsten carbide recycling at our recycling plant","robots":{"index":"index","follow":"follow","max-snippet":"max-snippet:-1","max-image-preview":"max-image-preview:large","max-video-preview":"max-video-preview:-1"},"canonical":"https:\/\/www.carbide-usa.com\/es\/why-recycle\/","og_locale":"es_ES","og_type":"article","og_title":"Why Recycle Your Tungsten Carp Scrap | Carbide Recycling","og_description":"Recycle your tungsten carbide scrap metal with Carbide USA. Competitive scrap carbide prices for your tungsten carbide recycling at our recycling plant","og_url":"https:\/\/www.carbide-usa.com\/es\/why-recycle\/","og_site_name":"Carbide USA","article_modified_time":"2018-06-23T13:31:59+00:00","twitter_misc":{"Tiempo de lectura":"2 minutos"},"schema":{"@context":"https:\/\/schema.org","@graph":[{"@type":"WebPage","@id":"https:\/\/www.carbide-usa.com\/es\/why-recycle\/","url":"https:\/\/www.carbide-usa.com\/es\/why-recycle\/","name":"Why Recycle Your Tungsten Carp Scrap | Carbide Recycling","isPartOf":{"@id":"https:\/\/www.carbide-usa.com\/#website"},"datePublished":"2014-05-15T13:20:06+00:00","dateModified":"2018-06-23T13:31:59+00:00","description":"Recycle your tungsten carbide scrap metal with Carbide USA. Competitive scrap carbide prices for your tungsten carbide recycling at our recycling plant","breadcrumb":{"@id":"https:\/\/www.carbide-usa.com\/es\/why-recycle\/#breadcrumb"},"inLanguage":"es","potentialAction":[{"@type":"ReadAction","target":["https:\/\/www.carbide-usa.com\/es\/why-recycle\/"]}]},{"@type":"BreadcrumbList","@id":"https:\/\/www.carbide-usa.com\/es\/why-recycle\/#breadcrumb","itemListElement":[{"@type":"ListItem","position":1,"name":"Home","item":"https:\/\/www.carbide-usa.com\/es\/"},{"@type":"ListItem","position":2,"name":"\u00bfPor qu\u00e9 reciclar?"}]},{"@type":"WebSite","@id":"https:\/\/www.carbide-usa.com\/#website","url":"https:\/\/www.carbide-usa.com\/","name":"Carbide USA","description":"","potentialAction":[{"@type":"SearchAction","target":{"@type":"EntryPoint","urlTemplate":"https:\/\/www.carbide-usa.com\/?s={search_term_string}"},"query-input":"required name=search_term_string"}],"inLanguage":"es"}]}},"_links":{"self":[{"href":"https:\/\/carbide-usa.com\/es\/wp-json\/wp\/v2\/pages\/519","targetHints":{"allow":["GET"]}}],"collection":[{"href":"https:\/\/carbide-usa.com\/es\/wp-json\/wp\/v2\/pages"}],"about":[{"href":"https:\/\/carbide-usa.com\/es\/wp-json\/wp\/v2\/types\/page"}],"author":[{"embeddable":true,"href":"https:\/\/carbide-usa.com\/es\/wp-json\/wp\/v2\/users\/2"}],"replies":[{"embeddable":true,"href":"https:\/\/carbide-usa.com\/es\/wp-json\/wp\/v2\/comments?post=519"}],"version-history":[{"count":4,"href":"https:\/\/carbide-usa.com\/es\/wp-json\/wp\/v2\/pages\/519\/revisions"}],"predecessor-version":[{"id":649,"href":"https:\/\/carbide-usa.com\/es\/wp-json\/wp\/v2\/pages\/519\/revisions\/649"}],"wp:attachment":[{"href":"https:\/\/carbide-usa.com\/es\/wp-json\/wp\/v2\/media?parent=519"}],"curies":[{"name":"wp","href":"https:\/\/api.w.org\/{rel}","templated":true}]}}