{"id":528,"date":"2014-05-15T09:23:47","date_gmt":"2014-05-15T09:23:47","guid":{"rendered":"https:\/\/carbide-usa.com\/shipping\/"},"modified":"2018-07-14T12:12:23","modified_gmt":"2018-07-14T16:12:23","slug":"shipping","status":"publish","type":"page","link":"https:\/\/carbide-usa.com\/es\/shipping\/","title":{"rendered":"Env\u00edos"},"content":{"rendered":"<h3>Env\u00edo de herramientas o desechos duros<\/h3>\n<ul>\n<li>Env\u00edos peque\u00f1os de materiales de desecho de carburo (menos de 50 libras en total) pueden ser enviados directamente a Carbide-USA a bajo costo a trav\u00e9s del servicio de tasa fija del servicio postal americano. <a href=\"http:\/\/www.usps.com\/\" target=\"_blank\" rel=\"noopener\">Usps.com<\/a>\n<ul>\n<li>Le recomendamos utilizar la caja mediana del servicio de tasa fija y poner no m\u00e1s de 50 libras por caja.<\/li>\n<\/ul>\n<\/li>\n<li>Utilice tantas cajas como sea necesario para enviar su material.<strong> Le recomendamos fuertemente limitar el peso de cada caja a 40-50 libas de material.<\/strong> Este peso evita que se rompa la caja.<\/li>\n<li>Empaque las cajas cuidadosamente y de manera apretada para evitar que las herramientas se muevan y vibren durante el env\u00edo, evitando as\u00ed que rompan la caja. Empacar las herramientas con doble bolsa y peri\u00f3dico y sellar con cinta adhesiva las esquinas ayudara a evitar que el carburo rompa el cart\u00f3n. <strong>\u00a1Por favor no utilice relleno de Telgopor!<\/strong> Este material no soportar\u00e1 el carburo y \u00e9ste puede romper la caja.<\/li>\n<li>Luego de empacar la caja, pero antes de cerrarla, agite la caja. Si siente mucho movimiento, existe una gran posibilidad de que su producto rompa la caja.<\/li>\n<li>Utilizar dos cajas es altamente recomendado.<\/li>\n<li>No requerimos que usted separe los diferentes tipos de carburo que tiene, pero de hacerlo nos ayudar\u00e1 a hacer el proceso mas r\u00e1pido.<\/li>\n<li>Por favor coloque una hoja de papel en su caja con su nombre, direcci\u00f3n a la que enviaremos el cheque, n\u00famero de cotizaci\u00f3n y una direcci\u00f3n de correo electr\u00f3nico. <strong>Si no incluye su n\u00famero de cotizaci\u00f3n se le aplicar\u00e1 el precio del d\u00eda de recepci\u00f3n de material.<\/strong><\/li>\n<li><strong>UNA CAJA DA\u00d1ADA PUEDE NO SER ENTREGADA, CAUSANDO LA PERDIDA DE SU VALIOSO MATERIAL. <\/strong>Nosotros no pagamos por env\u00edos perdidos.<\/li>\n<li>Por el precio de un par de d\u00f3lares en cinta adhesiva y empaque y dependiendo del precio del desecho de carburo, una caja de 50 libras de herramientas de desecho puede llegar a valer $500.00.<\/li>\n<\/ul>\n<p><img loading=\"lazy\" decoding=\"async\" class=\"aligncenter size-full wp-image-147\" src=\"https:\/\/carbide-usa.com\/wp-content\/uploads\/2014\/05\/boxdamaged.jpg\" alt=\"boxdamaged\" width=\"150\" height=\"150\" \/><\/p>\n<h3>Env\u00edos de lodo de carburo<\/h3>\n<p>Aceptamos el env\u00edo de lodo de carburo tanto de sistemas de filtrado de enfriamiento de aceite como de agua. Tambi\u00e9n compramos filtros de cartuchos.<\/p>\n","protected":false},"excerpt":{"rendered":"<p>Env\u00edo de herramientas o desechos duros Env\u00edos peque\u00f1os de materiales de desecho de carburo (menos de 50 libras en total) pueden ser enviados directamente a Carbide-USA a bajo costo a trav\u00e9s del servicio de tasa fija del servicio postal americano. &hellip;<\/p>\n<div class=\"sixteen\"><a href=\"https:\/\/carbide-usa.com\/es\/shipping\/\">read more &rarr;<\/a><\/div>\n","protected":false},"author":2,"featured_media":0,"parent":0,"menu_order":0,"comment_status":"closed","ping_status":"open","template":"","meta":{"footnotes":""},"class_list":["post-528","page","type-page","status-publish","hentry"],"yoast_head":"<!-- This site is optimized with the Yoast SEO plugin v22.9 - https:\/\/yoast.com\/wordpress\/plugins\/seo\/ -->\n<title>Shipping Your Tungsten Carbide Scrap l Carbide Recycling<\/title>\n<meta name=\"description\" content=\"Learn the right way of shipping your tungsten carbide scrap metal and other scrap metals including carbide drill bits, carbide mining bits to Carbide USA.\" \/>\n<meta name=\"robots\" content=\"index, follow, max-snippet:-1, max-image-preview:large, max-video-preview:-1\" \/>\n<link rel=\"canonical\" href=\"https:\/\/www.carbide-usa.com\/es\/shipping\/\" \/>\n<meta property=\"og:locale\" content=\"es_ES\" \/>\n<meta property=\"og:type\" content=\"article\" \/>\n<meta property=\"og:title\" content=\"Shipping Your Tungsten Carbide Scrap l Carbide Recycling\" \/>\n<meta property=\"og:description\" content=\"Learn the right way of shipping your tungsten carbide scrap metal and other scrap metals including carbide drill bits, carbide mining bits to Carbide USA.\" \/>\n<meta property=\"og:url\" content=\"https:\/\/www.carbide-usa.com\/es\/shipping\/\" \/>\n<meta property=\"og:site_name\" content=\"Carbide USA\" \/>\n<meta property=\"article:modified_time\" content=\"2018-07-14T16:12:23+00:00\" \/>\n<meta property=\"og:image\" content=\"https:\/\/www.carbide-usa.com\/wp-content\/uploads\/2014\/05\/boxdamaged.jpg\" \/>\n<meta name=\"twitter:label1\" content=\"Tiempo de lectura\" \/>\n\t<meta name=\"twitter:data1\" content=\"2 minutos\" \/>\n<script type=\"application\/ld+json\" class=\"yoast-schema-graph\">{\"@context\":\"https:\/\/schema.org\",\"@graph\":[{\"@type\":\"WebPage\",\"@id\":\"https:\/\/www.carbide-usa.com\/es\/shipping\/\",\"url\":\"https:\/\/www.carbide-usa.com\/es\/shipping\/\",\"name\":\"Shipping Your Tungsten Carbide Scrap l Carbide Recycling\",\"isPartOf\":{\"@id\":\"https:\/\/www.carbide-usa.com\/#website\"},\"primaryImageOfPage\":{\"@id\":\"https:\/\/www.carbide-usa.com\/es\/shipping\/#primaryimage\"},\"image\":{\"@id\":\"https:\/\/www.carbide-usa.com\/es\/shipping\/#primaryimage\"},\"thumbnailUrl\":\"https:\/\/carbide-usa.com\/wp-content\/uploads\/2014\/05\/boxdamaged.jpg\",\"datePublished\":\"2014-05-15T09:23:47+00:00\",\"dateModified\":\"2018-07-14T16:12:23+00:00\",\"description\":\"Learn the right way of shipping your tungsten carbide scrap metal and other scrap metals including carbide drill bits, carbide mining bits to Carbide USA.\",\"breadcrumb\":{\"@id\":\"https:\/\/www.carbide-usa.com\/es\/shipping\/#breadcrumb\"},\"inLanguage\":\"es\",\"potentialAction\":[{\"@type\":\"ReadAction\",\"target\":[\"https:\/\/www.carbide-usa.com\/es\/shipping\/\"]}]},{\"@type\":\"ImageObject\",\"inLanguage\":\"es\",\"@id\":\"https:\/\/www.carbide-usa.com\/es\/shipping\/#primaryimage\",\"url\":\"https:\/\/carbide-usa.com\/wp-content\/uploads\/2014\/05\/boxdamaged.jpg\",\"contentUrl\":\"https:\/\/carbide-usa.com\/wp-content\/uploads\/2014\/05\/boxdamaged.jpg\"},{\"@type\":\"BreadcrumbList\",\"@id\":\"https:\/\/www.carbide-usa.com\/es\/shipping\/#breadcrumb\",\"itemListElement\":[{\"@type\":\"ListItem\",\"position\":1,\"name\":\"Home\",\"item\":\"https:\/\/www.carbide-usa.com\/es\/\"},{\"@type\":\"ListItem\",\"position\":2,\"name\":\"Env\u00edos\"}]},{\"@type\":\"WebSite\",\"@id\":\"https:\/\/www.carbide-usa.com\/#website\",\"url\":\"https:\/\/www.carbide-usa.com\/\",\"name\":\"Carbide USA\",\"description\":\"\",\"potentialAction\":[{\"@type\":\"SearchAction\",\"target\":{\"@type\":\"EntryPoint\",\"urlTemplate\":\"https:\/\/www.carbide-usa.com\/?s={search_term_string}\"},\"query-input\":\"required name=search_term_string\"}],\"inLanguage\":\"es\"}]}<\/script>\n<!-- \/ Yoast SEO plugin. -->","yoast_head_json":{"title":"Shipping Your Tungsten Carbide Scrap l Carbide Recycling","description":"Learn the right way of shipping your tungsten carbide scrap metal and other scrap metals including carbide drill bits, carbide mining bits to Carbide USA.","robots":{"index":"index","follow":"follow","max-snippet":"max-snippet:-1","max-image-preview":"max-image-preview:large","max-video-preview":"max-video-preview:-1"},"canonical":"https:\/\/www.carbide-usa.com\/es\/shipping\/","og_locale":"es_ES","og_type":"article","og_title":"Shipping Your Tungsten Carbide Scrap l Carbide Recycling","og_description":"Learn the right way of shipping your tungsten carbide scrap metal and other scrap metals including carbide drill bits, carbide mining bits to Carbide USA.","og_url":"https:\/\/www.carbide-usa.com\/es\/shipping\/","og_site_name":"Carbide USA","article_modified_time":"2018-07-14T16:12:23+00:00","og_image":[{"url":"https:\/\/www.carbide-usa.com\/wp-content\/uploads\/2014\/05\/boxdamaged.jpg"}],"twitter_misc":{"Tiempo de lectura":"2 minutos"},"schema":{"@context":"https:\/\/schema.org","@graph":[{"@type":"WebPage","@id":"https:\/\/www.carbide-usa.com\/es\/shipping\/","url":"https:\/\/www.carbide-usa.com\/es\/shipping\/","name":"Shipping Your Tungsten Carbide Scrap l Carbide Recycling","isPartOf":{"@id":"https:\/\/www.carbide-usa.com\/#website"},"primaryImageOfPage":{"@id":"https:\/\/www.carbide-usa.com\/es\/shipping\/#primaryimage"},"image":{"@id":"https:\/\/www.carbide-usa.com\/es\/shipping\/#primaryimage"},"thumbnailUrl":"https:\/\/carbide-usa.com\/wp-content\/uploads\/2014\/05\/boxdamaged.jpg","datePublished":"2014-05-15T09:23:47+00:00","dateModified":"2018-07-14T16:12:23+00:00","description":"Learn the right way of shipping your tungsten carbide scrap metal and other scrap metals including carbide drill bits, carbide mining bits to Carbide USA.","breadcrumb":{"@id":"https:\/\/www.carbide-usa.com\/es\/shipping\/#breadcrumb"},"inLanguage":"es","potentialAction":[{"@type":"ReadAction","target":["https:\/\/www.carbide-usa.com\/es\/shipping\/"]}]},{"@type":"ImageObject","inLanguage":"es","@id":"https:\/\/www.carbide-usa.com\/es\/shipping\/#primaryimage","url":"https:\/\/carbide-usa.com\/wp-content\/uploads\/2014\/05\/boxdamaged.jpg","contentUrl":"https:\/\/carbide-usa.com\/wp-content\/uploads\/2014\/05\/boxdamaged.jpg"},{"@type":"BreadcrumbList","@id":"https:\/\/www.carbide-usa.com\/es\/shipping\/#breadcrumb","itemListElement":[{"@type":"ListItem","position":1,"name":"Home","item":"https:\/\/www.carbide-usa.com\/es\/"},{"@type":"ListItem","position":2,"name":"Env\u00edos"}]},{"@type":"WebSite","@id":"https:\/\/www.carbide-usa.com\/#website","url":"https:\/\/www.carbide-usa.com\/","name":"Carbide USA","description":"","potentialAction":[{"@type":"SearchAction","target":{"@type":"EntryPoint","urlTemplate":"https:\/\/www.carbide-usa.com\/?s={search_term_string}"},"query-input":"required name=search_term_string"}],"inLanguage":"es"}]}},"_links":{"self":[{"href":"https:\/\/carbide-usa.com\/es\/wp-json\/wp\/v2\/pages\/528","targetHints":{"allow":["GET"]}}],"collection":[{"href":"https:\/\/carbide-usa.com\/es\/wp-json\/wp\/v2\/pages"}],"about":[{"href":"https:\/\/carbide-usa.com\/es\/wp-json\/wp\/v2\/types\/page"}],"author":[{"embeddable":true,"href":"https:\/\/carbide-usa.com\/es\/wp-json\/wp\/v2\/users\/2"}],"replies":[{"embeddable":true,"href":"https:\/\/carbide-usa.com\/es\/wp-json\/wp\/v2\/comments?post=528"}],"version-history":[{"count":3,"href":"https:\/\/carbide-usa.com\/es\/wp-json\/wp\/v2\/pages\/528\/revisions"}],"predecessor-version":[{"id":653,"href":"https:\/\/carbide-usa.com\/es\/wp-json\/wp\/v2\/pages\/528\/revisions\/653"}],"wp:attachment":[{"href":"https:\/\/carbide-usa.com\/es\/wp-json\/wp\/v2\/media?parent=528"}],"curies":[{"name":"wp","href":"https:\/\/api.w.org\/{rel}","templated":true}]}}